{"id":871,"date":"2017-08-09T20:30:50","date_gmt":"2017-08-09T20:30:50","guid":{"rendered":"http:\/\/r40.hu\/?page_id=871&#038;lang=pl"},"modified":"2017-08-09T20:55:58","modified_gmt":"2017-08-09T20:55:58","slug":"nyito_pl","status":"publish","type":"page","link":"https:\/\/r40.hu\/pl\/","title":{"rendered":"Nyito_pl"},"content":{"rendered":"<p><span style=\"font-weight: 400;\">Dom go\u015bcinny r40 znajduje si\u0119 w centrum dynamicznie rozwijaj\u0105cej si\u0119 miejscowo\u015bci M\u00e1d, ciesz\u0105cej si\u0119 bogat\u0105 przesz\u0142o\u015bci\u0105, po\u0142o\u017conej w historycznym tokajskim regionie winnym.<\/span><\/p>\n<p><span style=\"font-weight: 400;\">Ponad dwustuletni budynek zrekonstruowali\u015bmy ca\u0142kowicie w roku 2016, dzi\u0119ki czemu powsta\u0142 obiekt o zabytkowej atmosferze, spe\u0142niaj\u0105cy jednocze\u015bnie wszelkie wymogi nowoczesnego hotelarstwa, przyjazny dom witaj\u0105cy go\u015bci, idealne miejsce dla rodzin, par, spotka\u0144 przyjaci\u00f3\u0142 lub mniejszych imprez firmowych. \u00a0<\/span><\/p>\n<p><span style=\"font-weight: 400;\">Z domu zarz\u0105dcy i jego przybud\u00f3wek utworzyli\u015bmy miejsce noclegowe mog\u0105ce pomie\u015bci\u0107 obecnie 14 os\u00f3b. S\u0142u\u017cymy go\u015bciom jednym pokojem dwuosobowym i trzema apartamentami.<\/span><\/p>\n","protected":false},"excerpt":{"rendered":"<p>Dom go\u015bcinny r40 znajduje si\u0119 w centrum dynamicznie rozwijaj\u0105cej si\u0119 miejscowo\u015bci M\u00e1d, ciesz\u0105cej si\u0119 bogat\u0105 przesz\u0142o\u015bci\u0105, po\u0142o\u017conej w historycznym tokajskim regionie winnym. Ponad dwustuletni budynek zrekonstruowali\u015bmy ca\u0142kowicie w roku 2016, dzi\u0119ki czemu powsta\u0142 obiekt o zabytkowej atmosferze, spe\u0142niaj\u0105cy jednocze\u015bnie wszelkie wymogi nowoczesnego hotelarstwa, przyjazny dom witaj\u0105cy go\u015bci, idealne miejsce dla rodzin, par, spotka\u0144 przyjaci\u00f3\u0142 lub [&hellip;]<\/p>\n","protected":false},"author":1,"featured_media":0,"parent":0,"menu_order":33,"comment_status":"closed","ping_status":"closed","template":"page-nyitolap.php","meta":{"footnotes":""},"class_list":["post-871","page","type-page","status-publish","hentry"],"_links":{"self":[{"href":"https:\/\/r40.hu\/pl\/wp-json\/wp\/v2\/pages\/871"}],"collection":[{"href":"https:\/\/r40.hu\/pl\/wp-json\/wp\/v2\/pages"}],"about":[{"href":"https:\/\/r40.hu\/pl\/wp-json\/wp\/v2\/types\/page"}],"author":[{"embeddable":true,"href":"https:\/\/r40.hu\/pl\/wp-json\/wp\/v2\/users\/1"}],"replies":[{"embeddable":true,"href":"https:\/\/r40.hu\/pl\/wp-json\/wp\/v2\/comments?post=871"}],"version-history":[{"count":3,"href":"https:\/\/r40.hu\/pl\/wp-json\/wp\/v2\/pages\/871\/revisions"}],"predecessor-version":[{"id":938,"href":"https:\/\/r40.hu\/pl\/wp-json\/wp\/v2\/pages\/871\/revisions\/938"}],"wp:attachment":[{"href":"https:\/\/r40.hu\/pl\/wp-json\/wp\/v2\/media?parent=871"}],"curies":[{"name":"wp","href":"https:\/\/api.w.org\/{rel}","templated":true}]}}