{"id":872,"date":"2017-08-09T20:32:39","date_gmt":"2017-08-09T20:32:39","guid":{"rendered":"http:\/\/r40.hu\/?page_id=872&#038;lang=sk"},"modified":"2017-08-09T20:33:16","modified_gmt":"2017-08-09T20:33:16","slug":"nyito_sk","status":"publish","type":"page","link":"https:\/\/r40.hu\/sk\/","title":{"rendered":"Nyito_sk"},"content":{"rendered":"<p>Majer r40 sa nach\u00e1dza v centre obce M\u00e1d, ktor\u00e1 je jednou z obc\u00ed s najbohat\u0161\u00edmi trad\u00edciami historickej<br \/>\nvinohradn\u00edckej oblasti Tokaj, zap\u00edsanej do zoznamu svetov\u00e9ho kult\u00farneho dedi\u010dstva.<\/p>\n<p>Viac ne\u017e 200-ro\u010dn\u00fa budovu sme v roku 2016 kompletne prestavali, v\u010faka \u010domu vzniklo priate\u013esk\u00e9 ubytovanie v starobylej atmosf\u00e9re, z\u00e1rove\u0148 v\u0161ak sp\u013a\u0148aj\u00face po\u017eiadavky modernej doby, ktor\u00e9 je ide\u00e1lnym prostred\u00edm pre rodinn\u00e9 dovolenky, pobyty zamilovan\u00fdch \u010di z\u00e1jazdy priate\u013eov, alebo men\u0161ie firemn\u00e9 akcie.<\/p>\n<p>Na pozemku sa rozprestiera statk\u00e1rsky dom a ved\u013eaj\u0161ia budova, kde zatia\u013e pon\u00fakame ubytovanie pre 14 os\u00f4b. Pre host\u00ed t\u00fa\u017eiacich po oddychu m\u00e1me pripraven\u00fa dvojposte\u013eov\u00fa izbu a tri apartm\u00e1ny.<\/p>\n","protected":false},"excerpt":{"rendered":"<p>Majer r40 sa nach\u00e1dza v centre obce M\u00e1d, ktor\u00e1 je jednou z obc\u00ed s najbohat\u0161\u00edmi trad\u00edciami historickej vinohradn\u00edckej oblasti Tokaj, zap\u00edsanej do zoznamu svetov\u00e9ho kult\u00farneho dedi\u010dstva. Viac ne\u017e 200-ro\u010dn\u00fa budovu sme v roku 2016 kompletne prestavali, v\u010faka \u010domu vzniklo priate\u013esk\u00e9 ubytovanie v starobylej atmosf\u00e9re, z\u00e1rove\u0148 v\u0161ak sp\u013a\u0148aj\u00face po\u017eiadavky modernej doby, ktor\u00e9 je ide\u00e1lnym prostred\u00edm pre [&hellip;]<\/p>\n","protected":false},"author":1,"featured_media":0,"parent":0,"menu_order":34,"comment_status":"closed","ping_status":"closed","template":"page-nyitolap.php","meta":{"footnotes":""},"class_list":["post-872","page","type-page","status-publish","hentry"],"_links":{"self":[{"href":"https:\/\/r40.hu\/sk\/wp-json\/wp\/v2\/pages\/872"}],"collection":[{"href":"https:\/\/r40.hu\/sk\/wp-json\/wp\/v2\/pages"}],"about":[{"href":"https:\/\/r40.hu\/sk\/wp-json\/wp\/v2\/types\/page"}],"author":[{"embeddable":true,"href":"https:\/\/r40.hu\/sk\/wp-json\/wp\/v2\/users\/1"}],"replies":[{"embeddable":true,"href":"https:\/\/r40.hu\/sk\/wp-json\/wp\/v2\/comments?post=872"}],"version-history":[{"count":3,"href":"https:\/\/r40.hu\/sk\/wp-json\/wp\/v2\/pages\/872\/revisions"}],"predecessor-version":[{"id":925,"href":"https:\/\/r40.hu\/sk\/wp-json\/wp\/v2\/pages\/872\/revisions\/925"}],"wp:attachment":[{"href":"https:\/\/r40.hu\/sk\/wp-json\/wp\/v2\/media?parent=872"}],"curies":[{"name":"wp","href":"https:\/\/api.w.org\/{rel}","templated":true}]}}