{"id":880,"date":"2017-08-07T20:51:59","date_gmt":"2017-08-07T20:51:59","guid":{"rendered":"http:\/\/r40.hu\/?page_id=880&#038;lang=sk"},"modified":"2023-02-27T13:52:28","modified_gmt":"2023-02-27T13:52:28","slug":"izby-a-ceny","status":"publish","type":"page","link":"https:\/\/r40.hu\/sk\/izby-a-ceny\/","title":{"rendered":"Izby a ceny"},"content":{"rendered":"<p>V dvoch budov\u00e1ch majera m\u00f4\u017eeme ubytova\u0165 14 os\u00f4b. V hlavnej budove sme vytvorili dvojposte\u013eov\u00fa izbu, k\u00fdm vo ved\u013eaj\u0161ej budove tri priestrann\u00e9 apartm\u00e1ny s v\u00fdh\u013eadom na z\u00e1hradu. Terasa s pergolou je v z\u00e1hrade ide\u00e1lnym miestom pre spolo\u010dn\u00e9 ve\u010dern\u00e9 posedenia rodiny \u010di priate\u013eov pri v\u00edne.<\/p>\n<p>V\u0161etci na\u0161i hostia m\u00f4\u017eu bezplatne pou\u017e\u00edva\u0165 plne vybaven\u00fa kuchy\u0148u a sal\u00f3n, ktor\u00e9 s\u00fa v hlavnej budove. Hos\u0165om prich\u00e1dzaj\u00facim s mal\u00fdmi de\u0165mi zabezpe\u010d\u00edme postie\u013eku, vani\u010dku, detsk\u00fa stoli\u010dku, a v sal\u00f3ne \u010dak\u00e1 najmen\u0161\u00edch detsk\u00fd k\u00fatik. V celom are\u00e1li majera pon\u00fakame bezplatn\u00fd pr\u00edstup k wifi.<\/p>\n<p>Ka\u017ed\u00fa izbu sme vybavili chladni\u010dkou, TV s plochou obrazovkou, r\u00e1diom, klimatiz\u00e1ciou, individu\u00e1lne nastavite\u013en\u00fdm k\u00faren\u00edm, vlastnou k\u00fape\u013e\u0148ou s priestrannou sprchou a f\u00e9nom.<\/p>\n","protected":false},"excerpt":{"rendered":"<p>V dvoch budov\u00e1ch majera m\u00f4\u017eeme ubytova\u0165 14 os\u00f4b. V hlavnej budove sme vytvorili dvojposte\u013eov\u00fa izbu, k\u00fdm vo ved\u013eaj\u0161ej budove tri priestrann\u00e9 apartm\u00e1ny s v\u00fdh\u013eadom na z\u00e1hradu. Terasa s pergolou je v z\u00e1hrade ide\u00e1lnym miestom pre spolo\u010dn\u00e9 ve\u010dern\u00e9 posedenia rodiny \u010di priate\u013eov pri v\u00edne. V\u0161etci na\u0161i hostia m\u00f4\u017eu bezplatne pou\u017e\u00edva\u0165 plne vybaven\u00fa kuchy\u0148u a sal\u00f3n, ktor\u00e9 [&hellip;]<\/p>\n","protected":false},"author":1,"featured_media":0,"parent":0,"menu_order":5,"comment_status":"closed","ping_status":"closed","template":"page-szobak-es-arak.php","meta":{"footnotes":""},"class_list":["post-880","page","type-page","status-publish","hentry"],"_links":{"self":[{"href":"https:\/\/r40.hu\/sk\/wp-json\/wp\/v2\/pages\/880"}],"collection":[{"href":"https:\/\/r40.hu\/sk\/wp-json\/wp\/v2\/pages"}],"about":[{"href":"https:\/\/r40.hu\/sk\/wp-json\/wp\/v2\/types\/page"}],"author":[{"embeddable":true,"href":"https:\/\/r40.hu\/sk\/wp-json\/wp\/v2\/users\/1"}],"replies":[{"embeddable":true,"href":"https:\/\/r40.hu\/sk\/wp-json\/wp\/v2\/comments?post=880"}],"version-history":[{"count":9,"href":"https:\/\/r40.hu\/sk\/wp-json\/wp\/v2\/pages\/880\/revisions"}],"predecessor-version":[{"id":1456,"href":"https:\/\/r40.hu\/sk\/wp-json\/wp\/v2\/pages\/880\/revisions\/1456"}],"wp:attachment":[{"href":"https:\/\/r40.hu\/sk\/wp-json\/wp\/v2\/media?parent=880"}],"curies":[{"name":"wp","href":"https:\/\/api.w.org\/{rel}","templated":true}]}}